{"id":1965,"date":"2024-08-14T03:05:57","date_gmt":"2024-08-14T01:05:57","guid":{"rendered":"https:\/\/partner.maideasy.de\/faq\/"},"modified":"2026-02-20T08:53:24","modified_gmt":"2026-02-20T07:53:24","slug":"faq","status":"publish","type":"page","link":"https:\/\/partner.maideasy.de\/pl\/faq\/","title":{"rendered":"FAQ"},"content":{"rendered":"<div class=\"wpb-content-wrapper\"><p>[vc_row content_style=&#8221;content_dark&#8221; css=&#8221;.vc_custom_1723597610999{padding-top: 70px !important;padding-bottom: 70px !important;}&#8221;][vc_column content_style=&#8221;content_dark&#8221;][vc_custom_heading source=&#8221;&#8221; text=&#8221;FAQ&#8221; font_container=&#8221;tag:h2|font_size:42|text_align:center|line_height:46px&#8221; custom_heading_font_weights=&#8221;font-600&#8243; css=&#8221;.vc_custom_1771573980064{margin-bottom: 20px !important;}&#8221; el_id=&#8221;sadasdasdsdsd&#8221;][\/vc_column][\/vc_row][vc_row content_style=&#8221;content_dark&#8221;][vc_column content_style=&#8221;content_dark&#8221;]<style>.mh_accordion69d4622aaf922.accordion-header::before {  font-size: 18px !important; } .mh_accordion69d4622aaf922.accordion-header h5{ font-size: 18px !important; } #mhp_accordion69d4622aaf922.accordion-content p{ }<\/style>  \n                <li>\n                   <div class=\"accordion-header mh_accordion69d4622aaf922  \" >\n                       <h5 class=\"gap-0 mb-0\">Czym zajmuje si\u0119 MaidEasy?<\/h5>\n                   <\/div>\n                   <div class=\"accordion-content\" id=\"mhp_accordion69d4622aaf922\">\n                       <p>MaidEasy oferuje platform\u0119 internetow\u0105 do \u015bwiadczenia us\u0142ug sprz\u0105tania.<\/p>\n                   <\/div>\n                <\/li><style>.mh_accordion69d4622aaf96e.accordion-header::before {  font-size: 18px !important; } .mh_accordion69d4622aaf96e.accordion-header h5{ font-size: 18px !important; } #mhp_accordion69d4622aaf96e.accordion-content p{ }<\/style>  \n                <li>\n                   <div class=\"accordion-header mh_accordion69d4622aaf96e  \" >\n                       <h5 class=\"gap-0 mb-0\">Kim jest klient sprz\u0105taj\u0105cy?<\/h5>\n                   <\/div>\n                   <div class=\"accordion-content\" id=\"mhp_accordion69d4622aaf96e\">\n                       <p>MaidEasy jedynie po\u015bredniczy w zam\u00f3wieniach, dzi\u0119ki czemu klient jest klientem, a umowa jest zawierana bezpo\u015brednio mi\u0119dzy klientem a partnerem.<\/p>\n                   <\/div>\n                <\/li><style>.mh_accordion69d4622aaf9a3.accordion-header::before {  font-size: 18px !important; } .mh_accordion69d4622aaf9a3.accordion-header h5{ font-size: 18px !important; } #mhp_accordion69d4622aaf9a3.accordion-content p{ }<\/style>  \n                <li>\n                   <div class=\"accordion-header mh_accordion69d4622aaf9a3  \" >\n                       <h5 class=\"gap-0 mb-0\">Jak zosta\u0107 partnerem MaidEasy?<\/h5>\n                   <\/div>\n                   <div class=\"accordion-content\" id=\"mhp_accordion69d4622aaf9a3\">\n                       <p>Aby zosta\u0107 partnerem MaidEasy, wystarczy wype\u0142ni\u0107 nasz formularz online, utworzy\u0107 sw\u00f3j profil i gotowe.<\/p>\n                   <\/div>\n                <\/li><style>.mh_accordion69d4622aaf9d4.accordion-header::before {  font-size: 18px !important; } .mh_accordion69d4622aaf9d4.accordion-header h5{ font-size: 18px !important; } #mhp_accordion69d4622aaf9d4.accordion-content p{ }<\/style>  \n                <li>\n                   <div class=\"accordion-header mh_accordion69d4622aaf9d4  \" >\n                       <h5 class=\"gap-0 mb-0\">Czy musz\u0119 mie\u0107 pracownik\u00f3w, aby zosta\u0107 partnerem?<\/h5>\n                   <\/div>\n                   <div class=\"accordion-content\" id=\"mhp_accordion69d4622aaf9d4\">\n                       <p>Nie, nie musisz mie\u0107 \u017cadnych pracownik\u00f3w.<\/p>\n                   <\/div>\n                <\/li><style>.mh_accordion69d4622aafa10.accordion-header::before {  font-size: 18px !important; } .mh_accordion69d4622aafa10.accordion-header h5{ font-size: 18px !important; } #mhp_accordion69d4622aafa10.accordion-content p{ }<\/style>  \n                <li>\n                   <div class=\"accordion-header mh_accordion69d4622aafa10  \" >\n                       <h5 class=\"gap-0 mb-0\">Jak mog\u0119 zarejestrowa\u0107 si\u0119 jako samozatrudniona firma sprz\u0105taj\u0105ca w MaidEasy?<\/h5>\n                   <\/div>\n                   <div class=\"accordion-content\" id=\"mhp_accordion69d4622aafa10\">\n                       <p>Wystarczy wype\u0142ni\u0107 nasz formularz online, a nast\u0119pnie utworzy\u0107 sw\u00f3j profil.<\/p>\n                   <\/div>\n                <\/li><style>.mh_accordion69d4622aafa3d.accordion-header::before {  font-size: 18px !important; } .mh_accordion69d4622aafa3d.accordion-header h5{ font-size: 18px !important; } #mhp_accordion69d4622aafa3d.accordion-content p{ }<\/style>  \n                <li>\n                   <div class=\"accordion-header mh_accordion69d4622aafa3d  \" >\n                       <h5 class=\"gap-0 mb-0\">Jakie s\u0105 zalety wsp\u00f3\u0142pracy z MaidEasy?<\/h5>\n                   <\/div>\n                   <div class=\"accordion-content\" id=\"mhp_accordion69d4622aafa3d\">\n                       <p>Jako partner korzystasz ze stale rosn\u0105cej liczby zam\u00f3wie\u0144, profesjonalnego wsparcia w zakresie fakturowania i pozyskiwania klient\u00f3w, a tak\u017ce silnej sieci i ugruntowanej marki.<\/p>\n                   <\/div>\n                <\/li><style>.mh_accordion69d4622aafa67.accordion-header::before {  font-size: 18px !important; } .mh_accordion69d4622aafa67.accordion-header h5{ font-size: 18px !important; } #mhp_accordion69d4622aafa67.accordion-content p{ }<\/style>  \n                <li>\n                   <div class=\"accordion-header mh_accordion69d4622aafa67  \" >\n                       <h5 class=\"gap-0 mb-0\">Jak przebiega proces oddawania do u\u017cytku?<\/h5>\n                   <\/div>\n                   <div class=\"accordion-content\" id=\"mhp_accordion69d4622aafa67\">\n                       <p>Je\u015bli klient nie wybierze Ci\u0119 bezpo\u015brednio, zam\u00f3wienia trafiaj\u0105 do naszej puli zam\u00f3wie\u0144. Mo\u017cesz wybra\u0107 zam\u00f3wienia, kt\u00f3re najlepiej pasuj\u0105 do Twojej firmy.<\/p>\n                   <\/div>\n                <\/li><style>.mh_accordion69d4622aafa92.accordion-header::before {  font-size: 18px !important; } .mh_accordion69d4622aafa92.accordion-header h5{ font-size: 18px !important; } #mhp_accordion69d4622aafa92.accordion-content p{ }<\/style>  \n                <li>\n                   <div class=\"accordion-header mh_accordion69d4622aafa92  \" >\n                       <h5 class=\"gap-0 mb-0\">Jakie wymagania musi spe\u0142ni\u0107 moja firma?<\/h5>\n                   <\/div>\n                   <div class=\"accordion-content\" id=\"mhp_accordion69d4622aafa92\">\n                       <p>Twoja firma powinna mie\u0107 wykwalifikowanych pracownik\u00f3w i wa\u017cn\u0105 licencj\u0119 na prowadzenie dzia\u0142alno\u015bci.<\/p>\n                   <\/div>\n                <\/li><style>.mh_accordion69d4622aafabb.accordion-header::before {  font-size: 18px !important; } .mh_accordion69d4622aafabb.accordion-header h5{ font-size: 18px !important; } #mhp_accordion69d4622aafabb.accordion-content p{ }<\/style>  \n                <li>\n                   <div class=\"accordion-header mh_accordion69d4622aafabb  \" >\n                       <h5 class=\"gap-0 mb-0\">Jak zorganizowane s\u0105 p\u0142atno\u015bci dla klient\u00f3w?<\/h5>\n                   <\/div>\n                   <div class=\"accordion-content\" id=\"mhp_accordion69d4622aafabb\">\n                       <p>P\u0142atno\u015b\u0107 jest dokonywana co miesi\u0105c. Wszystkie faktury i p\u0142atno\u015bci s\u0105 przetwarzane za po\u015brednictwem naszego systemu, aby maksymalnie upro\u015bci\u0107 ten proces.<\/p>\n                   <\/div>\n                <\/li><style>.mh_accordion69d4622aafae4.accordion-header::before {  font-size: 18px !important; } .mh_accordion69d4622aafae4.accordion-header h5{ font-size: 18px !important; } #mhp_accordion69d4622aafae4.accordion-content p{ }<\/style>  \n                <li>\n                   <div class=\"accordion-header mh_accordion69d4622aafae4  \" >\n                       <h5 class=\"gap-0 mb-0\">Czy potrzebuj\u0119 w\u0142asnych \u015brodk\u00f3w czyszcz\u0105cych?<\/h5>\n                   <\/div>\n                   <div class=\"accordion-content\" id=\"mhp_accordion69d4622aafae4\">\n                       <p>Tak, potrzebne s\u0105 w\u0142asne \u015brodki czyszcz\u0105ce. W niekt\u00f3rych przypadkach klient okre\u015bla, \u017ce ma zosta\u0107 u\u017cyty jego materia\u0142, w kt\u00f3rym to przypadku nie musi przynosi\u0107 w\u0142asnego.<\/p>\n                   <\/div>\n                <\/li>[\/vc_column][\/vc_row]<\/p>\n<\/div>","protected":false},"excerpt":{"rendered":"<p>[vc_row content_style=&#8221;content_dark&#8221; css=&#8221;.vc_custom_1723597610999{padding-top: 70px !important;padding-bottom: 70px !important;}&#8221;][vc_column content_style=&#8221;content_dark&#8221;][vc_custom_heading source=&#8221;&#8221; text=&#8221;FAQ&#8221; font_container=&#8221;tag:h2|font_size:42|text_align:center|line_height:46px&#8221; custom_heading_font_weights=&#8221;font-600&#8243; css=&#8221;.vc_custom_1771573980064{margin-bottom: 20px !important;}&#8221; el_id=&#8221;sadasdasdsdsd&#8221;][\/vc_column][\/vc_row][vc_row content_style=&#8221;content_dark&#8221;][vc_column content_style=&#8221;content_dark&#8221;][\/vc_column][\/vc_row]<\/p>\n","protected":false},"author":3,"featured_media":0,"parent":0,"menu_order":0,"comment_status":"closed","ping_status":"closed","template":"","meta":{"_acf_changed":false,"footnotes":""},"class_list":["post-1965","page","type-page","status-publish","hentry"],"acf":[],"_links":{"self":[{"href":"https:\/\/partner.maideasy.de\/pl\/wp-json\/wp\/v2\/pages\/1965","targetHints":{"allow":["GET"]}}],"collection":[{"href":"https:\/\/partner.maideasy.de\/pl\/wp-json\/wp\/v2\/pages"}],"about":[{"href":"https:\/\/partner.maideasy.de\/pl\/wp-json\/wp\/v2\/types\/page"}],"author":[{"embeddable":true,"href":"https:\/\/partner.maideasy.de\/pl\/wp-json\/wp\/v2\/users\/3"}],"replies":[{"embeddable":true,"href":"https:\/\/partner.maideasy.de\/pl\/wp-json\/wp\/v2\/comments?post=1965"}],"version-history":[{"count":3,"href":"https:\/\/partner.maideasy.de\/pl\/wp-json\/wp\/v2\/pages\/1965\/revisions"}],"predecessor-version":[{"id":2208,"href":"https:\/\/partner.maideasy.de\/pl\/wp-json\/wp\/v2\/pages\/1965\/revisions\/2208"}],"wp:attachment":[{"href":"https:\/\/partner.maideasy.de\/pl\/wp-json\/wp\/v2\/media?parent=1965"}],"curies":[{"name":"wp","href":"https:\/\/api.w.org\/{rel}","templated":true}]}}