{"id":1962,"date":"2024-08-14T03:05:57","date_gmt":"2024-08-14T01:05:57","guid":{"rendered":"https:\/\/partner.maideasy.de\/sss\/"},"modified":"2026-02-20T08:53:24","modified_gmt":"2026-02-20T07:53:24","slug":"sss","status":"publish","type":"page","link":"https:\/\/partner.maideasy.de\/tr\/sss\/","title":{"rendered":"SSS"},"content":{"rendered":"<div class=\"wpb-content-wrapper\"><p>[vc_row content_style=&#8221;content_dark&#8221; css=&#8221;.vc_custom_1723597610999{padding-top: 70px !important;padding-bottom: 70px !important;}&#8221;][vc_column content_style=&#8221;content_dark&#8221;][vc_custom_heading source=&#8221;&#8221; text=&#8221;SSS&#8221; font_container=&#8221;tag:h2|font_size:42|text_align:center|line_height:46px&#8221; custom_heading_font_weights=&#8221;font-600&#8243; css=&#8221;.vc_custom_1771573980064{margin-bottom: 20px !important;}&#8221; el_id=&#8221;sadasdasdsdsd&#8221;][\/vc_column][\/vc_row][vc_row content_style=&#8221;content_dark&#8221;][vc_column content_style=&#8221;content_dark&#8221;]<style>.mh_accordion69d44b5c65c6b.accordion-header::before {  font-size: 18px !important; } .mh_accordion69d44b5c65c6b.accordion-header h5{ font-size: 18px !important; } #mhp_accordion69d44b5c65c6b.accordion-content p{ }<\/style>  \n                <li>\n                   <div class=\"accordion-header mh_accordion69d44b5c65c6b  \" >\n                       <h5 class=\"gap-0 mb-0\">MaidEasy ne i\u015f yapar?<\/h5>\n                   <\/div>\n                   <div class=\"accordion-content\" id=\"mhp_accordion69d44b5c65c6b\">\n                       <p>MaidEasy, temizlik hizmetlerinin sa\u011flanmas\u0131 i\u00e7in \u00e7evrimi\u00e7i bir platform sunar.<\/p>\n                   <\/div>\n                <\/li><style>.mh_accordion69d44b5c65d22.accordion-header::before {  font-size: 18px !important; } .mh_accordion69d44b5c65d22.accordion-header h5{ font-size: 18px !important; } #mhp_accordion69d44b5c65d22.accordion-content p{ }<\/style>  \n                <li>\n                   <div class=\"accordion-header mh_accordion69d44b5c65d22  \" >\n                       <h5 class=\"gap-0 mb-0\">Temizlik m\u00fc\u015fterisi kimdir?<\/h5>\n                   <\/div>\n                   <div class=\"accordion-content\" id=\"mhp_accordion69d44b5c65d22\">\n                       <p>MaidEasy yaln\u0131zca sipari\u015flere arac\u0131l\u0131k eder, b\u00f6ylece m\u00fc\u015fteri m\u00fc\u015fteridir ve s\u00f6zle\u015fme do\u011frudan m\u00fc\u015fteri ile ortak aras\u0131nda imzalan\u0131r.<\/p>\n                   <\/div>\n                <\/li><style>.mh_accordion69d44b5c65d99.accordion-header::before {  font-size: 18px !important; } .mh_accordion69d44b5c65d99.accordion-header h5{ font-size: 18px !important; } #mhp_accordion69d44b5c65d99.accordion-content p{ }<\/style>  \n                <li>\n                   <div class=\"accordion-header mh_accordion69d44b5c65d99  \" >\n                       <h5 class=\"gap-0 mb-0\">Nas\u0131l MaidEasy orta\u011f\u0131 olabilirim?<\/h5>\n                   <\/div>\n                   <div class=\"accordion-content\" id=\"mhp_accordion69d44b5c65d99\">\n                       <p>MaidEasy orta\u011f\u0131 olmak i\u00e7in \u00e7evrimi\u00e7i formumuzu doldurman\u0131z, profilinizi olu\u015fturman\u0131z ve gitmeye haz\u0131r olman\u0131z yeterlidir.<\/p>\n                   <\/div>\n                <\/li><style>.mh_accordion69d44b5c65de0.accordion-header::before {  font-size: 18px !important; } .mh_accordion69d44b5c65de0.accordion-header h5{ font-size: 18px !important; } #mhp_accordion69d44b5c65de0.accordion-content p{ }<\/style>  \n                <li>\n                   <div class=\"accordion-header mh_accordion69d44b5c65de0  \" >\n                       <h5 class=\"gap-0 mb-0\">Ortak olmak i\u00e7in \u00e7al\u0131\u015fanlar\u0131m olmas\u0131 gerekiyor mu?<\/h5>\n                   <\/div>\n                   <div class=\"accordion-content\" id=\"mhp_accordion69d44b5c65de0\">\n                       <p>Hay\u0131r, herhangi bir \u00e7al\u0131\u015fan\u0131n\u0131z\u0131n olmas\u0131na gerek yok.<\/p>\n                   <\/div>\n                <\/li><style>.mh_accordion69d44b5c65e18.accordion-header::before {  font-size: 18px !important; } .mh_accordion69d44b5c65e18.accordion-header h5{ font-size: 18px !important; } #mhp_accordion69d44b5c65e18.accordion-content p{ }<\/style>  \n                <li>\n                   <div class=\"accordion-header mh_accordion69d44b5c65e18  \" >\n                       <h5 class=\"gap-0 mb-0\">MaidEasy&#039;ye serbest \u00e7al\u0131\u015fan bir temizlik\u00e7i olarak nas\u0131l kaydolabilirim?<\/h5>\n                   <\/div>\n                   <div class=\"accordion-content\" id=\"mhp_accordion69d44b5c65e18\">\n                       <p>Online formumuzu doldurabilir ve ard\u0131ndan profilinizi olu\u015fturabilirsiniz.<\/p>\n                   <\/div>\n                <\/li><style>.mh_accordion69d44b5c65e8a.accordion-header::before {  font-size: 18px !important; } .mh_accordion69d44b5c65e8a.accordion-header h5{ font-size: 18px !important; } #mhp_accordion69d44b5c65e8a.accordion-content p{ }<\/style>  \n                <li>\n                   <div class=\"accordion-header mh_accordion69d44b5c65e8a  \" >\n                       <h5 class=\"gap-0 mb-0\">MaidEasy ile ortakl\u0131\u011f\u0131n avantajlar\u0131 nelerdir?<\/h5>\n                   <\/div>\n                   <div class=\"accordion-content\" id=\"mhp_accordion69d44b5c65e8a\">\n                       <p>Bir i\u015f orta\u011f\u0131 olarak, s\u00fcrekli artan sipari\u015f say\u0131s\u0131ndan, faturalama ve m\u00fc\u015fteri kazan\u0131m\u0131 konusunda profesyonel destekten, g\u00fc\u00e7l\u00fc bir a\u011fdan ve yerle\u015fik bir markadan faydalan\u0131rs\u0131n\u0131z.<\/p>\n                   <\/div>\n                <\/li><style>.mh_accordion69d44b5c65ec0.accordion-header::before {  font-size: 18px !important; } .mh_accordion69d44b5c65ec0.accordion-header h5{ font-size: 18px !important; } #mhp_accordion69d44b5c65ec0.accordion-content p{ }<\/style>  \n                <li>\n                   <div class=\"accordion-header mh_accordion69d44b5c65ec0  \" >\n                       <h5 class=\"gap-0 mb-0\">Devreye alma s\u00fcreci nas\u0131l i\u015fliyor?<\/h5>\n                   <\/div>\n                   <div class=\"accordion-content\" id=\"mhp_accordion69d44b5c65ec0\">\n                       <p>M\u00fc\u015fteri sizi do\u011frudan se\u00e7mezse, sipari\u015fler sipari\u015f havuzumuza gider. \u015eirketinize en uygun sipari\u015fleri se\u00e7ebilirsiniz.<\/p>\n                   <\/div>\n                <\/li><style>.mh_accordion69d44b5c65ef7.accordion-header::before {  font-size: 18px !important; } .mh_accordion69d44b5c65ef7.accordion-header h5{ font-size: 18px !important; } #mhp_accordion69d44b5c65ef7.accordion-content p{ }<\/style>  \n                <li>\n                   <div class=\"accordion-header mh_accordion69d44b5c65ef7  \" >\n                       <h5 class=\"gap-0 mb-0\">\u015eirketim hangi gereklilikleri yerine getirmelidir?<\/h5>\n                   <\/div>\n                   <div class=\"accordion-content\" id=\"mhp_accordion69d44b5c65ef7\">\n                       <p>\u015eirketinizin kalifiye \u00e7al\u0131\u015fanlar\u0131 ve ge\u00e7erli bir i\u015fletme ruhsat\u0131 olmal\u0131d\u0131r.<\/p>\n                   <\/div>\n                <\/li><style>.mh_accordion69d44b5c65f29.accordion-header::before {  font-size: 18px !important; } .mh_accordion69d44b5c65f29.accordion-header h5{ font-size: 18px !important; } #mhp_accordion69d44b5c65f29.accordion-content p{ }<\/style>  \n                <li>\n                   <div class=\"accordion-header mh_accordion69d44b5c65f29  \" >\n                       <h5 class=\"gap-0 mb-0\">M\u00fc\u015fteri \u00f6demeleri nas\u0131l organize ediliyor?<\/h5>\n                   <\/div>\n                   <div class=\"accordion-content\" id=\"mhp_accordion69d44b5c65f29\">\n                       <p>\u00d6deme ayl\u0131k olarak yap\u0131l\u0131r. S\u00fcreci sizin i\u00e7in m\u00fcmk\u00fcn oldu\u011funca basit hale getirmek i\u00e7in t\u00fcm faturalar ve \u00f6demeler sistemimiz \u00fczerinden i\u015flenir.<\/p>\n                   <\/div>\n                <\/li><style>.mh_accordion69d44b5c65f59.accordion-header::before {  font-size: 18px !important; } .mh_accordion69d44b5c65f59.accordion-header h5{ font-size: 18px !important; } #mhp_accordion69d44b5c65f59.accordion-content p{ }<\/style>  \n                <li>\n                   <div class=\"accordion-header mh_accordion69d44b5c65f59  \" >\n                       <h5 class=\"gap-0 mb-0\">Kendi temizlik malzemelerime ihtiyac\u0131m var m\u0131?<\/h5>\n                   <\/div>\n                   <div class=\"accordion-content\" id=\"mhp_accordion69d44b5c65f59\">\n                       <p>Evet, kendi temizlik malzemelerinize ihtiyac\u0131n\u0131z var. Baz\u0131 durumlarda, m\u00fc\u015fteri kendi malzemelerinin kullan\u0131laca\u011f\u0131n\u0131 belirtir, bu durumda kendi malzemelerini getirmelerine gerek yoktur.<\/p>\n                   <\/div>\n                <\/li>[\/vc_column][\/vc_row]<\/p>\n<\/div>","protected":false},"excerpt":{"rendered":"<p>[vc_row content_style=&#8221;content_dark&#8221; css=&#8221;.vc_custom_1723597610999{padding-top: 70px !important;padding-bottom: 70px !important;}&#8221;][vc_column content_style=&#8221;content_dark&#8221;][vc_custom_heading source=&#8221;&#8221; text=&#8221;SSS&#8221; font_container=&#8221;tag:h2|font_size:42|text_align:center|line_height:46px&#8221; custom_heading_font_weights=&#8221;font-600&#8243; css=&#8221;.vc_custom_1771573980064{margin-bottom: 20px !important;}&#8221; el_id=&#8221;sadasdasdsdsd&#8221;][\/vc_column][\/vc_row][vc_row content_style=&#8221;content_dark&#8221;][vc_column content_style=&#8221;content_dark&#8221;][\/vc_column][\/vc_row]<\/p>\n","protected":false},"author":3,"featured_media":0,"parent":0,"menu_order":0,"comment_status":"closed","ping_status":"closed","template":"","meta":{"_acf_changed":false,"footnotes":""},"class_list":["post-1962","page","type-page","status-publish","hentry"],"acf":[],"_links":{"self":[{"href":"https:\/\/partner.maideasy.de\/tr\/wp-json\/wp\/v2\/pages\/1962","targetHints":{"allow":["GET"]}}],"collection":[{"href":"https:\/\/partner.maideasy.de\/tr\/wp-json\/wp\/v2\/pages"}],"about":[{"href":"https:\/\/partner.maideasy.de\/tr\/wp-json\/wp\/v2\/types\/page"}],"author":[{"embeddable":true,"href":"https:\/\/partner.maideasy.de\/tr\/wp-json\/wp\/v2\/users\/3"}],"replies":[{"embeddable":true,"href":"https:\/\/partner.maideasy.de\/tr\/wp-json\/wp\/v2\/comments?post=1962"}],"version-history":[{"count":3,"href":"https:\/\/partner.maideasy.de\/tr\/wp-json\/wp\/v2\/pages\/1962\/revisions"}],"predecessor-version":[{"id":2209,"href":"https:\/\/partner.maideasy.de\/tr\/wp-json\/wp\/v2\/pages\/1962\/revisions\/2209"}],"wp:attachment":[{"href":"https:\/\/partner.maideasy.de\/tr\/wp-json\/wp\/v2\/media?parent=1962"}],"curies":[{"name":"wp","href":"https:\/\/api.w.org\/{rel}","templated":true}]}}